{"id":981,"date":"2025-03-31T14:15:02","date_gmt":"2025-03-31T12:15:02","guid":{"rendered":"https:\/\/feetinform.de\/shop\/?post_type=product&#038;p=981"},"modified":"2025-04-10T13:48:06","modified_gmt":"2025-04-10T11:48:06","slug":"fif-kobra-ii","status":"publish","type":"product","link":"https:\/\/feetinform.de\/shop\/produkt\/fif-kobra-ii\/","title":{"rendered":"FIF-Kobra II"},"content":{"rendered":"<h3>Beschreibung<\/h3>\n<ul>\n<li><strong>Anschlie\u00dfen und Loslegen: <\/strong>Ein USB-Kabel reicht aus, um die Kobra II mit einem PC zu verbinden und zu starten.<\/li>\n<li><strong>Nahtlose Integration: <\/strong>Die Kobra ist zu 100% in FIF integriert, so dass der Vermessungsprozess direkt in die Modellierung \u00fcbergeht.<\/li>\n<li><strong>Schnelle Messung: <\/strong>Der Scan dauert nur <strong>ca. 1 Sekunde<\/strong>.<\/li>\n<li><strong>Messen in korrigierter Haltung: <\/strong>Der Patientenfu\u00df kann mit beiden H\u00e4nden in die korrigierte Haltung gebracht werden, w\u00e4hrend die Messung <strong>per Fernbedienung <\/strong>ausgel\u00f6st wird.<\/li>\n<li><strong>Mobil und robust: <\/strong>Leicht und sicher zu transportieren, optionale Tragetasche verf\u00fcgbar.<\/li>\n<li><strong>Vielseitige Nutzung: <\/strong>In Verkaufsr\u00e4umen eingebaut in ein Podest odermobil bei Au\u00dfendiensten. Ideal f\u00fcr Messungen <strong>unter Halbbelastung \u2013 im Sitzen oder Stehen<\/strong>. Auch f\u00fcr das Scannen von <strong>Trittsch\u00e4umen und Leisten <\/strong>geeignet.<\/li>\n<\/ul>\n<p>Weitere Informationen finden Sie <strong><a href=\"https:\/\/feetinform.de\/kobra-3d-scanner\/\">hier<\/a> <\/strong>auf unserer Internet Seite.<\/p>\n","protected":false},"excerpt":{"rendered":"<p>Weitere Informationen finden Sie <strong><a href=\"https:\/\/feetinform.de\/kobra-3d-scanner\/\">hier<\/a> <\/strong>auf unserer Internet Seite.<\/p>\n","protected":false},"featured_media":978,"template":"","meta":{"_et_pb_use_builder":"","_et_pb_old_content":"","_et_gb_content_width":""},"product_cat":[117],"product_tag":[],"_links":{"self":[{"href":"https:\/\/feetinform.de\/shop\/wp-json\/wp\/v2\/product\/981"}],"collection":[{"href":"https:\/\/feetinform.de\/shop\/wp-json\/wp\/v2\/product"}],"about":[{"href":"https:\/\/feetinform.de\/shop\/wp-json\/wp\/v2\/types\/product"}],"wp:featuredmedia":[{"embeddable":true,"href":"https:\/\/feetinform.de\/shop\/wp-json\/wp\/v2\/media\/978"}],"wp:attachment":[{"href":"https:\/\/feetinform.de\/shop\/wp-json\/wp\/v2\/media?parent=981"}],"wp:term":[{"taxonomy":"product_cat","embeddable":true,"href":"https:\/\/feetinform.de\/shop\/wp-json\/wp\/v2\/product_cat?post=981"},{"taxonomy":"product_tag","embeddable":true,"href":"https:\/\/feetinform.de\/shop\/wp-json\/wp\/v2\/product_tag?post=981"}],"curies":[{"name":"wp","href":"https:\/\/api.w.org\/{rel}","templated":true}]}}