{"id":961,"date":"2025-03-31T14:08:44","date_gmt":"2025-03-31T12:08:44","guid":{"rendered":"https:\/\/feetinform.de\/shop\/?post_type=product&#038;p=961"},"modified":"2025-04-10T13:51:23","modified_gmt":"2025-04-10T11:51:23","slug":"fif-kobra","status":"publish","type":"product","link":"https:\/\/feetinform.de\/shop\/produkt\/fif-kobra\/","title":{"rendered":"FIF-Kobra"},"content":{"rendered":"<h3>Beschreibung<\/h3>\n<ul>\n<li>Kobra ist ein professioneller 3D-Scanner f\u00fcr die Orthop\u00e4dieschuhtechnik. Er besticht durch seine Robustheit und Wartungsarmut, da er keine beweglichen Teile besitzt, die kaputtgehen k\u00f6nnten. Dank der Infrarottechnologie ist er unempfindlich gegen\u00fcber der Raumbeleuchtung. Der Hauptanwendungsbereich liegt im 3D-Scannen von Fu\u00dfsohlen und Fu\u00dfabdr\u00fccken in Trittschaum. Er ist kompatibel mit handels\u00fcblichen Trittschaumboxen und kann Fu\u00dfgr\u00f6\u00dfen bis zur Gr\u00f6\u00dfe 50 EU\/Stich erfassen.<\/li>\n<li>Es stehen verschiedene Montagem\u00f6glichkeiten zur Verf\u00fcgung: an einer Tischkante f\u00fcr die 3D-Trittschaummessung, aufgesteckt auf eine 10 mm Glasscheibe f\u00fcr den 3D-Fu\u00dfscan oder unter einer 10 mm Glasscheibe in einem Podest oder einer ScanBOX f\u00fcr die 3D-Scans von Fu\u00dfsohlen oder Trittschaumabdr\u00fccken.<\/li>\n<li>Nach dem Anschlie\u00dfen an den PC wird die Kobra in allen Softwareprodukten von feetinform GmbH automatisch als 3D-Scanner erkannt. Die Messung kann entweder per Mausklick oder mithilfe der mitgelieferten Fernbedienung gestartet werden. W\u00e4hrend der Messung muss die Kobra nicht bewegt werden. Mit nur einem Klick erhalten Sie innerhalb einer Sekunde einen bereits ausgerichteten, bereinigten und gegl\u00e4tteten digitalen 3D-Fu\u00dfabdruck.<\/li>\n<li>Besonders bei der Fu\u00dfmessung in korrigierter Lage empfehlen wir die Nutzung der mitgelieferten Fernbedienung. Dadurch k\u00f6nnen Sie den Fu\u00df des Patienten in der richtigen Position halten und die Messung entweder selbst oder vom Patienten ausl\u00f6sen. Die Fu\u00dfmessung kann sowohl unter Voll- als auch unter Teilbelastung durchgef\u00fchrt werden. Wenn die Kobra haupts\u00e4chlich zum 3D-Scannen von Trittsch\u00e4umen an der Tischkante verwendet wird, kann die Fernbedienung in der Kobra verstaut werden.<\/li>\n<li>Die Kobra ist \u00e4u\u00dferst kompakt und leicht, wodurch sie sich ideal f\u00fcr den mobilen Einsatz eignet, beispielsweise in Verbindung mit einem ScanBoard oder einer ScanBox (nicht im Lieferumfang enthalten).<\/li>\n<li>Die Software &#8222;FIFse Messen&#8220; bietet die M\u00f6glichkeit, f\u00fcr jeden Patienten\/Kunden eine eigene Datei anzulegen (Kundenmappe). Hier werden die Kontaktdaten, Messungen und Auftr\u00e4ge des Kunden gespeichert. Die Messungen k\u00f6nnen im STL-Format exportiert oder als 1:1-Ausdruck im PDF-Format erstellt werden. \u00dcber den STL-Import k\u00f6nnen auch Messungen von anderen 3D-Scannern in die Software importiert werden. Auch diese werden automatisch ausgerichtet, bereinigt und gegl\u00e4ttet.<\/li>\n<\/ul>\n<p>Weitere Informationen finden Sie <strong><a href=\"https:\/\/feetinform.de\/kobra-3d-scanner\/\">hier<\/a> <\/strong>auf unserer Internet Seite.<\/p>\n","protected":false},"excerpt":{"rendered":"<p><strong>Das Kobra Stand-Alone-Set besteht aus<\/strong><\/p>\n<ul>\n<li>einem Infrarot-3D-Scanner namens &#8222;Kobra&#8220;<\/li>\n<li>der Software &#8222;FIFse Messen&#8220;<\/li>\n<li>einer Fernbedienung<\/li>\n<li>Montagezubeh\u00f6r<\/li>\n<li>einem USB-Kabel zur Verbindung mit einem PC<\/li>\n<\/ul>\n<p>Weitere Informationen finden Sie <strong><a href=\"https:\/\/feetinform.de\/kobra-3d-scanner\/\">hier<\/a> <\/strong>auf unserer Internet Seite.<\/p>\n","protected":false},"featured_media":979,"template":"","meta":{"_et_pb_use_builder":"","_et_pb_old_content":"","_et_gb_content_width":""},"product_cat":[117],"product_tag":[],"_links":{"self":[{"href":"https:\/\/feetinform.de\/shop\/wp-json\/wp\/v2\/product\/961"}],"collection":[{"href":"https:\/\/feetinform.de\/shop\/wp-json\/wp\/v2\/product"}],"about":[{"href":"https:\/\/feetinform.de\/shop\/wp-json\/wp\/v2\/types\/product"}],"wp:featuredmedia":[{"embeddable":true,"href":"https:\/\/feetinform.de\/shop\/wp-json\/wp\/v2\/media\/979"}],"wp:attachment":[{"href":"https:\/\/feetinform.de\/shop\/wp-json\/wp\/v2\/media?parent=961"}],"wp:term":[{"taxonomy":"product_cat","embeddable":true,"href":"https:\/\/feetinform.de\/shop\/wp-json\/wp\/v2\/product_cat?post=961"},{"taxonomy":"product_tag","embeddable":true,"href":"https:\/\/feetinform.de\/shop\/wp-json\/wp\/v2\/product_tag?post=961"}],"curies":[{"name":"wp","href":"https:\/\/api.w.org\/{rel}","templated":true}]}}