{"id":910,"date":"2025-02-04T15:18:37","date_gmt":"2025-02-04T14:18:37","guid":{"rendered":"https:\/\/feetinform.de\/shop\/?post_type=product&#038;p=910"},"modified":"2025-04-10T13:57:38","modified_gmt":"2025-04-10T11:57:38","slug":"fif-deluxe-stanz","status":"publish","type":"product","link":"https:\/\/feetinform.de\/shop\/produkt\/fif-deluxe-stanz\/","title":{"rendered":"FIF-Deluxe Stanz"},"content":{"rendered":"<p>Auf Anfrage k\u00f6nnen wir alle Bl\u00f6cke in gestanzter Form liefern. Der Preis pro Paar entspricht dem Blockpreis.<\/p>\n<p>In Schmiege gefertigt.<\/p>\n<p>Kombination aus 3 Shoreh\u00e4rten:<br \/>\n\u2022 5mm Grundfl\u00e4che 40\u00b0 Shore<br \/>\n\u2022 Mittelfu\u00df 45\u00b0 Shore<br \/>\n\u2022 Ferse 50\u00b0 Shore<\/p>\n<p>Kommt zum Einsatz in Alltagschuhen, Hausschuhen und Sportschuhen.<\/p>\n<p>Durch die drei Komponenten wird der physiologische Bewegungsablauf des Fu\u00dfes unterst\u00fctzt. Stabiler R\u00fcckfu\u00df f\u00fcr bessere Fersenf\u00fchrung. Weicherer Mittelfu\u00df, um das nat\u00fcrliche Abrollen des Fu\u00dfes zu f\u00fchren. Weiche Lauffl\u00e4che f\u00fcr die Entlastung des Vorfu\u00dfes beim Absto\u00dfen.<\/p>\n","protected":false},"excerpt":{"rendered":"<p>Der Preis pro Paar entspricht dem Blockpreis<\/p>\n","protected":false},"featured_media":911,"template":"","meta":{"_et_pb_use_builder":"","_et_pb_old_content":"","_et_gb_content_width":""},"product_cat":[111],"product_tag":[],"_links":{"self":[{"href":"https:\/\/feetinform.de\/shop\/wp-json\/wp\/v2\/product\/910"}],"collection":[{"href":"https:\/\/feetinform.de\/shop\/wp-json\/wp\/v2\/product"}],"about":[{"href":"https:\/\/feetinform.de\/shop\/wp-json\/wp\/v2\/types\/product"}],"wp:featuredmedia":[{"embeddable":true,"href":"https:\/\/feetinform.de\/shop\/wp-json\/wp\/v2\/media\/911"}],"wp:attachment":[{"href":"https:\/\/feetinform.de\/shop\/wp-json\/wp\/v2\/media?parent=910"}],"wp:term":[{"taxonomy":"product_cat","embeddable":true,"href":"https:\/\/feetinform.de\/shop\/wp-json\/wp\/v2\/product_cat?post=910"},{"taxonomy":"product_tag","embeddable":true,"href":"https:\/\/feetinform.de\/shop\/wp-json\/wp\/v2\/product_tag?post=910"}],"curies":[{"name":"wp","href":"https:\/\/api.w.org\/{rel}","templated":true}]}}